{"id":104,"date":"2024-12-09T21:40:53","date_gmt":"2024-12-09T21:40:53","guid":{"rendered":"https:\/\/docusphere.ovh\/?page_id=104"},"modified":"2024-12-09T21:40:53","modified_gmt":"2024-12-09T21:40:53","slug":"contact-us","status":"publish","type":"page","link":"https:\/\/docusphere.ai\/index.php\/contact-us\/","title":{"rendered":"Contact Us"},"content":{"rendered":"<div class=\"wpforms-container wpforms-container-full wpforms-block wpforms-block-af0fb35b-19fb-4376-91d0-9627ef5019c4 wpforms-render-modern\" id=\"wpforms-100\"><form id=\"wpforms-form-100\" class=\"wpforms-validate wpforms-form wpforms-ajax-form\" data-formid=\"100\" method=\"post\" enctype=\"multipart\/form-data\" action=\"\/index.php\/wp-json\/wp\/v2\/pages\/104\" data-token=\"c0fede1d23ace2654d6bc46ed916cc97\" data-token-time=\"1775294904\"><noscript class=\"wpforms-error-noscript\">Aby wype\u0142ni\u0107 ten formularz, w\u0142\u0105cz obs\u0142ug\u0119 JavaScript w przegl\u0105darce.<\/noscript><div id=\"wpforms-error-noscript\" style=\"display: none;\">Aby wype\u0142ni\u0107 ten formularz, w\u0142\u0105cz obs\u0142ug\u0119 JavaScript w przegl\u0105darce.<\/div><div class=\"wpforms-field-container\">\t\t<div id=\"wpforms-100-field_5-container\"\n\t\t\tclass=\"wpforms-field wpforms-field-text\"\n\t\t\tdata-field-type=\"text\"\n\t\t\tdata-field-id=\"5\"\n\t\t\t>\n\t\t\t<label class=\"wpforms-field-label\" for=\"wpforms-100-field_5\" >Message name e-mail<\/label>\n\t\t\t<input type=\"text\" id=\"wpforms-100-field_5\" class=\"wpforms-field-medium\" name=\"wpforms[fields][5]\" >\n\t\t<\/div>\n\t\t<div id=\"wpforms-100-field_1-container\" class=\"wpforms-field wpforms-field-name\" data-field-id=\"1\"><label class=\"wpforms-field-label\" for=\"wpforms-100-field_1\">Full name<\/label><input type=\"text\" id=\"wpforms-100-field_1\" class=\"wpforms-field-medium\" name=\"wpforms[fields][1]\" aria-errormessage=\"wpforms-100-field_1-error\" aria-describedby=\"wpforms-100-field_1-description\" ><div id=\"wpforms-100-field_1-description\" class=\"wpforms-field-description\">How do you wish Us to call you?<\/div><\/div><div id=\"wpforms-100-field_2-container\" class=\"wpforms-field wpforms-field-email\" data-field-id=\"2\"><label class=\"wpforms-field-label\" for=\"wpforms-100-field_2\">e-mail <span class=\"wpforms-required-label\" aria-hidden=\"true\">*<\/span><\/label><input type=\"email\" id=\"wpforms-100-field_2\" class=\"wpforms-field-medium wpforms-field-required\" name=\"wpforms[fields][2]\" spellcheck=\"false\" aria-errormessage=\"wpforms-100-field_2-error\" required><\/div><div id=\"wpforms-100-field_3-container\" class=\"wpforms-field wpforms-field-textarea\" data-field-id=\"3\"><label class=\"wpforms-field-label\" for=\"wpforms-100-field_3\">Message <span class=\"wpforms-required-label\" aria-hidden=\"true\">*<\/span><\/label><textarea id=\"wpforms-100-field_3\" class=\"wpforms-field-medium wpforms-field-required\" name=\"wpforms[fields][3]\" aria-errormessage=\"wpforms-100-field_3-error\" aria-describedby=\"wpforms-100-field_3-description\" required><\/textarea><div id=\"wpforms-100-field_3-description\" class=\"wpforms-field-description\">Let Us know, how can we help you?<\/div><\/div><div id=\"wpforms-100-field_4-container\" class=\"wpforms-field wpforms-field-checkbox\" data-field-id=\"4\"><fieldset><legend class=\"wpforms-field-label\">Pola wyboru <span class=\"wpforms-required-label\" aria-hidden=\"true\">*<\/span><\/legend><ul id=\"wpforms-100-field_4\" class=\"wpforms-field-required\"><li class=\"choice-1 depth-1\"><input type=\"checkbox\" id=\"wpforms-100-field_4_1\" name=\"wpforms[fields][4][]\" value=\"Wyra\u017cam zgod\u0119 na przetwarzanie przez Ignited sp. z o. o. moich danych osobowych w postaci adresu poczty elektronicznej i numeru telefonu w celu przesy\u0142ania mi informacji marketingowych dotycz\u0105cych produkt\u00f3w i us\u0142ug oferowanych przez Ignited sp. z o. o. za pomoc\u0105 \u015brodk\u00f3w komunikacji elektronicznej, stosownie do tre\u015bci przepisu art. 10 ust. 1 i 2 ustawy o \u015bwiadczeniu us\u0142ug drog\u0105 elektroniczn\u0105.\" aria-errormessage=\"wpforms-100-field_4_1-error\" required ><label class=\"wpforms-field-label-inline\" for=\"wpforms-100-field_4_1\">Wyra\u017cam zgod\u0119 na przetwarzanie przez Ignited sp. z o. o. moich danych osobowych w postaci adresu poczty elektronicznej i numeru telefonu w celu przesy\u0142ania mi informacji marketingowych dotycz\u0105cych produkt\u00f3w i us\u0142ug oferowanych przez Ignited sp. z o. o. za pomoc\u0105 \u015brodk\u00f3w komunikacji elektronicznej, stosownie do tre\u015bci przepisu art. 10 ust. 1 i 2 ustawy o \u015bwiadczeniu us\u0142ug drog\u0105 elektroniczn\u0105.<\/label><\/li><\/ul><\/fieldset><\/div><script>\n\t\t\t\t( function() {\n\t\t\t\t\tconst style = document.createElement( 'style' );\n\t\t\t\t\tstyle.appendChild( document.createTextNode( '#wpforms-100-field_5-container { position: absolute !important; overflow: hidden !important; display: inline !important; height: 1px !important; width: 1px !important; z-index: -1000 !important; padding: 0 !important; } #wpforms-100-field_5-container input { visibility: hidden; } #wpforms-conversational-form-page #wpforms-100-field_5-container label { counter-increment: none; }' ) );\n\t\t\t\t\tdocument.head.appendChild( style );\n\t\t\t\t\tdocument.currentScript?.remove();\n\t\t\t\t} )();\n\t\t\t<\/script><\/div><!-- .wpforms-field-container --><div class=\"wpforms-submit-container\" ><input type=\"hidden\" name=\"wpforms[id]\" value=\"100\"><input type=\"hidden\" name=\"page_title\" value=\"\"><input type=\"hidden\" name=\"page_url\" value=\"https:\/\/docusphere.ai\/index.php\/wp-json\/wp\/v2\/pages\/104\"><input type=\"hidden\" name=\"url_referer\" value=\"\"><button type=\"submit\" name=\"wpforms[submit]\" id=\"wpforms-submit-100\" class=\"wpforms-submit\" data-alt-text=\"Sending...\" data-submit-text=\"Send\" aria-live=\"assertive\" value=\"wpforms-submit\">Send<\/button><img loading=\"lazy\" decoding=\"async\" src=\"https:\/\/docusphere.ai\/wp-content\/plugins\/wpforms-lite\/assets\/images\/submit-spin.svg\" class=\"wpforms-submit-spinner\" style=\"display: none;\" width=\"26\" height=\"26\" alt=\"Wczytywanie\"><\/div><\/form><\/div>  <!-- .wpforms-container -->","protected":false},"excerpt":{"rendered":"","protected":false},"author":1,"featured_media":0,"parent":0,"menu_order":0,"comment_status":"closed","ping_status":"closed","template":"","meta":{"footnotes":""},"class_list":["post-104","page","type-page","status-publish","hentry"],"_links":{"self":[{"href":"https:\/\/docusphere.ai\/index.php\/wp-json\/wp\/v2\/pages\/104","targetHints":{"allow":["GET"]}}],"collection":[{"href":"https:\/\/docusphere.ai\/index.php\/wp-json\/wp\/v2\/pages"}],"about":[{"href":"https:\/\/docusphere.ai\/index.php\/wp-json\/wp\/v2\/types\/page"}],"author":[{"embeddable":true,"href":"https:\/\/docusphere.ai\/index.php\/wp-json\/wp\/v2\/users\/1"}],"replies":[{"embeddable":true,"href":"https:\/\/docusphere.ai\/index.php\/wp-json\/wp\/v2\/comments?post=104"}],"version-history":[{"count":1,"href":"https:\/\/docusphere.ai\/index.php\/wp-json\/wp\/v2\/pages\/104\/revisions"}],"predecessor-version":[{"id":105,"href":"https:\/\/docusphere.ai\/index.php\/wp-json\/wp\/v2\/pages\/104\/revisions\/105"}],"wp:attachment":[{"href":"https:\/\/docusphere.ai\/index.php\/wp-json\/wp\/v2\/media?parent=104"}],"curies":[{"name":"wp","href":"https:\/\/api.w.org\/{rel}","templated":true}]}}